{"id":3957,"date":"2022-03-16T13:52:54","date_gmt":"2022-03-16T12:52:54","guid":{"rendered":"https:\/\/cherieswood.com\/?post_type=product&#038;p=3957"},"modified":"2022-03-18T17:20:12","modified_gmt":"2022-03-18T16:20:12","slug":"cherieswood-cavallino-legno","status":"publish","type":"product","link":"https:\/\/cherieswood.com\/it\/prodotti\/cherieswood-cavallino-legno\/","title":{"rendered":"Cherieswood: <\/br>cavallino di legno"},"content":{"rendered":"[vc_row type=&#8221;full_width_background&#8221; full_screen_row_position=&#8221;middle&#8221; column_margin=&#8221;default&#8221; column_direction=&#8221;default&#8221; column_direction_tablet=&#8221;default&#8221; column_direction_phone=&#8221;default&#8221; bg_color=&#8221;#f5edda&#8221; scene_position=&#8221;center&#8221; top_padding=&#8221;6%&#8221; bottom_padding=&#8221;4%&#8221; top_padding_phone=&#8221;6%&#8221; bottom_padding_phone=&#8221;7%&#8221; text_color=&#8221;dark&#8221; text_align=&#8221;left&#8221; row_border_radius=&#8221;none&#8221; row_border_radius_applies=&#8221;bg&#8221; overlay_strength=&#8221;0.3&#8243; gradient_direction=&#8221;left_to_right&#8221; shape_divider_position=&#8221;bottom&#8221; bg_image_animation=&#8221;none&#8221; shape_type=&#8221;&#8221;][vc_column column_padding=&#8221;no-extra-padding&#8221; column_padding_tablet=&#8221;inherit&#8221; column_padding_phone=&#8221;inherit&#8221; column_padding_position=&#8221;all&#8221; column_element_spacing=&#8221;default&#8221; background_color_opacity=&#8221;1&#8243; background_hover_color_opacity=&#8221;1&#8243; column_shadow=&#8221;none&#8221; column_border_radius=&#8221;none&#8221; column_link_target=&#8221;_self&#8221; gradient_direction=&#8221;left_to_right&#8221; overlay_strength=&#8221;0.3&#8243; width=&#8221;1\/1&#8243; tablet_width_inherit=&#8221;default&#8221; tablet_text_alignment=&#8221;default&#8221; phone_text_alignment=&#8221;default&#8221; bg_image_animation=&#8221;none&#8221; border_type=&#8221;simple&#8221; column_border_width=&#8221;none&#8221; column_border_style=&#8221;solid&#8221;][vc_row_inner equal_height=&#8221;yes&#8221; content_placement=&#8221;top&#8221; column_margin=&#8221;90px&#8221; column_direction=&#8221;default&#8221; column_direction_tablet=&#8221;default&#8221; column_direction_phone=&#8221;default&#8221; bottom_padding=&#8221;3%&#8221; text_align=&#8221;left&#8221;][vc_column_inner column_padding=&#8221;no-extra-padding&#8221; column_padding_tablet=&#8221;inherit&#8221; column_padding_phone=&#8221;inherit&#8221; column_padding_position=&#8221;all&#8221; column_element_spacing=&#8221;default&#8221; background_color_opacity=&#8221;1&#8243; background_hover_color_opacity=&#8221;1&#8243; column_shadow=&#8221;none&#8221; column_border_radius=&#8221;none&#8221; column_link_target=&#8221;_self&#8221; gradient_direction=&#8221;left_to_right&#8221; overlay_strength=&#8221;0.3&#8243; width=&#8221;1\/2&#8243; tablet_width_inherit=&#8221;default&#8221; bg_image_animation=&#8221;none&#8221; border_type=&#8221;simple&#8221; column_border_width=&#8221;none&#8221; column_border_style=&#8221;solid&#8221;][vc_column_text css_animation=&#8221;none&#8221; css=&#8221;.vc_custom_1634206921058{margin-top: 15px !important;}&#8221;]<img loading=\"lazy\" decoding=\"async\" class=\"size-full wp-image-1743 alignnone\" src=\"https:\/\/cherieswood.com\/wp-content\/uploads\/2021\/09\/nuvola-1.png\" alt=\"\" width=\"68\" height=\"68\" \/>[\/vc_column_text][vc_column_text]\n<h3>descrizione<\/h3>\n[\/vc_column_text][vc_column_text css_animation=&#8221;none&#8221; css=&#8221;.vc_custom_1647596121302{margin-top: 15px !important;}&#8221;]Questo piccolo amico di legno \u00e8 il gioco perfetto da aggiungere alla collezione di giocattoli di ogni bambino!<\/p>\n<p>Grazie alla sua semplicit\u00e0 \u00e8 ideale per stimolare la creativit\u00e0 del tuo bambino e il suo legame con la natura.<\/p>\n<p>Bello e piacevole al tatto, il nostro cavallino di legno \u00e8 un compagno di giochi senza tempo con cui passare ore a giocare.<\/p>\n<p><strong>100% fatto a mano in Italia!<\/strong>[\/vc_column_text][nectar_cta btn_style=&#8221;basic&#8221; heading_tag=&#8221;span&#8221; text_color=&#8221;#000000&#8243; button_color=&#8221;white&#8221; button_color_hover=&#8221;#fff6c4&#8243; link_type=&#8221;regular&#8221; alignment=&#8221;left&#8221; alignment_tablet=&#8221;default&#8221; alignment_phone=&#8221;default&#8221; display=&#8221;block&#8221; link_text=&#8221;chiedi info&#8221; margin_top=&#8221;15&#8243; url=&#8221;\/it\/contatti\/&#8221;][\/vc_column_inner][vc_column_inner column_padding=&#8221;no-extra-padding&#8221; column_padding_tablet=&#8221;inherit&#8221; column_padding_phone=&#8221;inherit&#8221; column_padding_position=&#8221;all&#8221; column_element_spacing=&#8221;default&#8221; background_color_opacity=&#8221;1&#8243; background_hover_color_opacity=&#8221;1&#8243; column_shadow=&#8221;none&#8221; column_border_radius=&#8221;none&#8221; column_link_target=&#8221;_self&#8221; gradient_direction=&#8221;left_to_right&#8221; overlay_strength=&#8221;0.3&#8243; width=&#8221;1\/2&#8243; tablet_width_inherit=&#8221;default&#8221; bg_image_animation=&#8221;none&#8221; border_type=&#8221;simple&#8221; column_border_width=&#8221;none&#8221; column_border_style=&#8221;solid&#8221; offset=&#8221;vc_hidden-xs&#8221;][image_with_animation image_url=&#8221;4011&#8243; animation=&#8221;Fade In&#8221; hover_animation=&#8221;zoom-crop&#8221; alignment=&#8221;&#8221; img_link_large=&#8221;yes&#8221; border_radius=&#8221;none&#8221; box_shadow=&#8221;none&#8221; image_loading=&#8221;default&#8221; max_width=&#8221;100%&#8221; max_width_mobile=&#8221;default&#8221;][\/vc_column_inner][\/vc_row_inner][\/vc_column][\/vc_row][vc_row type=&#8221;full_width_background&#8221; full_screen_row_position=&#8221;middle&#8221; column_margin=&#8221;default&#8221; equal_height=&#8221;yes&#8221; column_direction=&#8221;default&#8221; column_direction_tablet=&#8221;default&#8221; column_direction_phone=&#8221;default&#8221; bg_color=&#8221;#f5edda&#8221; scene_position=&#8221;center&#8221; bottom_padding=&#8221;6%&#8221; bottom_padding_phone=&#8221;12%&#8221; text_color=&#8221;dark&#8221; text_align=&#8221;left&#8221; row_border_radius=&#8221;none&#8221; row_border_radius_applies=&#8221;bg&#8221; overlay_strength=&#8221;0.3&#8243; gradient_direction=&#8221;left_to_right&#8221; shape_divider_position=&#8221;bottom&#8221; bg_image_animation=&#8221;none&#8221; shape_type=&#8221;straight_section&#8221;][vc_column column_padding=&#8221;no-extra-padding&#8221; column_padding_tablet=&#8221;inherit&#8221; column_padding_phone=&#8221;inherit&#8221; column_padding_position=&#8221;right&#8221; column_element_spacing=&#8221;default&#8221; background_color_opacity=&#8221;1&#8243; background_hover_color_opacity=&#8221;1&#8243; column_shadow=&#8221;none&#8221; column_border_radius=&#8221;none&#8221; column_link_target=&#8221;_self&#8221; gradient_direction=&#8221;left_to_right&#8221; overlay_strength=&#8221;0.3&#8243; width=&#8221;1\/1&#8243; tablet_width_inherit=&#8221;default&#8221; tablet_text_alignment=&#8221;default&#8221; phone_text_alignment=&#8221;default&#8221; bg_image_animation=&#8221;none&#8221; border_type=&#8221;simple&#8221; column_border_width=&#8221;none&#8221; column_border_style=&#8221;solid&#8221;][vc_row_inner equal_height=&#8221;yes&#8221; content_placement=&#8221;top&#8221; column_margin=&#8221;default&#8221; column_direction=&#8221;default&#8221; column_direction_tablet=&#8221;default&#8221; column_direction_phone=&#8221;default&#8221; text_align=&#8221;left&#8221;][vc_column_inner column_padding=&#8221;padding-3-percent&#8221; column_padding_tablet=&#8221;inherit&#8221; column_padding_phone=&#8221;padding-6-percent&#8221; column_padding_position=&#8221;all&#8221; column_element_spacing=&#8221;default&#8221; background_color_opacity=&#8221;1&#8243; background_hover_color_opacity=&#8221;1&#8243; column_shadow=&#8221;none&#8221; column_border_radius=&#8221;50px&#8221; column_link_target=&#8221;_self&#8221; gradient_direction=&#8221;left_to_right&#8221; overlay_strength=&#8221;0.3&#8243; width=&#8221;1\/3&#8243; tablet_width_inherit=&#8221;default&#8221; bg_image_animation=&#8221;none&#8221; enable_animation=&#8221;true&#8221; animation=&#8221;fade-in-from-bottom&#8221; border_type=&#8221;advanced&#8221; border_left_desktop=&#8221;2px&#8221; border_top_desktop=&#8221;2px&#8221; border_right_desktop=&#8221;2px&#8221; border_bottom_desktop=&#8221;2px&#8221; column_border_color=&#8221;#471a1b&#8221; column_border_style=&#8221;dotted&#8221;][vc_column_text css=&#8221;.vc_custom_1647596386710{margin-top: 30px !important;margin-bottom: 30px !important;}&#8221;]\n<h3 style=\"color: #92be28;\">specifiche tecniche<\/h3>\n<p><strong>Materiali:<\/strong><\/p>\n<ul>\n<li>Legno vario<\/li>\n<li>Colore a base d&#8217;acqua<\/li>\n<li>Cera per legno naturale<\/li>\n<li>Plastic free<\/li>\n<\/ul>\n<p><strong>Dimensioni:<\/strong><br \/>\n19x18x5 cm[\/vc_column_text][\/vc_column_inner][vc_column_inner column_padding=&#8221;padding-3-percent&#8221; column_padding_tablet=&#8221;inherit&#8221; column_padding_phone=&#8221;padding-6-percent&#8221; column_padding_position=&#8221;all&#8221; column_element_spacing=&#8221;default&#8221; background_color_opacity=&#8221;1&#8243; background_hover_color_opacity=&#8221;1&#8243; column_shadow=&#8221;none&#8221; column_border_radius=&#8221;50px&#8221; column_link_target=&#8221;_self&#8221; gradient_direction=&#8221;left_to_right&#8221; overlay_strength=&#8221;0.3&#8243; width=&#8221;1\/3&#8243; tablet_width_inherit=&#8221;default&#8221; bg_image_animation=&#8221;none&#8221; enable_animation=&#8221;true&#8221; animation=&#8221;fade-in-from-bottom&#8221; border_type=&#8221;advanced&#8221; border_left_desktop=&#8221;2&#8243; border_top_desktop=&#8221;2&#8243; border_right_desktop=&#8221;2&#8243; border_bottom_desktop=&#8221;2&#8243; column_border_color=&#8221;#471a1b&#8221; column_border_style=&#8221;dotted&#8221;][vc_column_text css=&#8221;.vc_custom_1647596401142{margin-top: 30px !important;margin-bottom: 30px !important;}&#8221;]\n<h3 style=\"color: #92be28;\">nella scatola<\/h3>\n<ul>\n<li>Gioco in legno<\/li>\n<li>Messaggio dedicato (personalizzabile al momento del pagamento)<\/li>\n<\/ul>\n[\/vc_column_text][\/vc_column_inner][vc_column_inner column_padding=&#8221;padding-3-percent&#8221; column_padding_tablet=&#8221;inherit&#8221; column_padding_phone=&#8221;padding-6-percent&#8221; column_padding_position=&#8221;all&#8221; column_element_spacing=&#8221;default&#8221; background_color_opacity=&#8221;1&#8243; background_hover_color_opacity=&#8221;1&#8243; column_shadow=&#8221;none&#8221; column_border_radius=&#8221;50px&#8221; column_link_target=&#8221;_self&#8221; gradient_direction=&#8221;left_to_right&#8221; overlay_strength=&#8221;0.3&#8243; width=&#8221;1\/3&#8243; tablet_width_inherit=&#8221;default&#8221; bg_image_animation=&#8221;none&#8221; enable_animation=&#8221;true&#8221; animation=&#8221;fade-in-from-bottom&#8221; border_type=&#8221;advanced&#8221; border_left_desktop=&#8221;2&#8243; border_top_desktop=&#8221;2&#8243; border_right_desktop=&#8221;2&#8243; border_bottom_desktop=&#8221;2&#8243; column_border_color=&#8221;#471a1b&#8221; column_border_style=&#8221;dotted&#8221;][vc_column_text css=&#8221;.vc_custom_1647596411027{margin-top: 30px !important;margin-bottom: 30px !important;}&#8221;]\n<h3 style=\"color: #92be28;\">info spedizione<\/h3>\n<p>Spediamo in tutto il mondo dall&#8217;Italia utilizzando diversi servizi di spedizione internazionali tra cui DHL, UPS e TNT.<br \/>\nIl tuo gioco in legno arriva solitamente in 5-6 giorni per i paesi internazionali (USA, UE e APAC). <a href=\"https:\/\/cherieswood.com\/it\/shipping-policies\/\" target=\"_blank\" rel=\"noopener\">Vai alla nostra pagina dedicata per maggiori dettagli.<\/a>[\/vc_column_text][\/vc_column_inner][\/vc_row_inner][\/vc_column][\/vc_row][vc_row type=&#8221;full_width_background&#8221; full_screen_row_position=&#8221;middle&#8221; column_margin=&#8221;default&#8221; column_direction=&#8221;default&#8221; column_direction_tablet=&#8221;default&#8221; column_direction_phone=&#8221;default&#8221; bg_image=&#8221;1698&#8243; bg_position=&#8221;left top&#8221; background_image_loading=&#8221;default&#8221; bg_repeat=&#8221;no-repeat&#8221; scene_position=&#8221;center&#8221; top_padding=&#8221;6%&#8221; top_padding_phone=&#8221;10%&#8221; bottom_padding_phone=&#8221;0%&#8221; text_color=&#8221;dark&#8221; text_align=&#8221;left&#8221; row_border_radius=&#8221;none&#8221; row_border_radius_applies=&#8221;bg&#8221; overlay_strength=&#8221;0.3&#8243; gradient_direction=&#8221;left_to_right&#8221; shape_divider_position=&#8221;bottom&#8221; bg_image_animation=&#8221;none&#8221; shape_type=&#8221;&#8221;][vc_column column_padding=&#8221;no-extra-padding&#8221; column_padding_tablet=&#8221;inherit&#8221; column_padding_phone=&#8221;inherit&#8221; column_padding_position=&#8221;all&#8221; column_element_spacing=&#8221;default&#8221; background_color_opacity=&#8221;1&#8243; background_hover_color_opacity=&#8221;1&#8243; column_shadow=&#8221;none&#8221; column_border_radius=&#8221;none&#8221; column_link_target=&#8221;_self&#8221; gradient_direction=&#8221;left_to_right&#8221; overlay_strength=&#8221;0.3&#8243; width=&#8221;1\/1&#8243; tablet_width_inherit=&#8221;default&#8221; tablet_text_alignment=&#8221;default&#8221; phone_text_alignment=&#8221;default&#8221; bg_image_animation=&#8221;none&#8221; border_type=&#8221;simple&#8221; column_border_width=&#8221;none&#8221; column_border_style=&#8221;solid&#8221;][vc_column_text]\n<h2 style=\"text-align: left;\">guarda tutti i nostri giochi in legno<\/h2>\n[\/vc_column_text][nectar_woo_products product_type=&#8221;all&#8221; category=&#8221;wooden-little-toys&#8221; columns=&#8221;4&#8243; flickity_mobile_column_width=&#8221;75%&#8221; orderby=&#8221;date&#8221; order=&#8221;DESC&#8221; carousel=&#8221;1&#8243; script=&#8221;flickity&#8221; flickity_wrap=&#8221;no-wrap&#8221; flickity_overflow=&#8221;visible&#8221; flickity_controls=&#8221;arrows-and-text&#8221; flickity_image_scale_on_drag=&#8221;true&#8221; flickity_item_animation=&#8221;fade-in-side&#8221; flickity_heading_tag=&#8221;h2&#8243; per_page=&#8221;10&#8243;][\/vc_column][\/vc_row]\n","protected":false},"excerpt":{"rendered":"<h3><span class=\"highgreen\">Cavallino in legno con le ruote!<\/span><\/h3>\n<p>Il compagno di giochi perfetto per far trascorrere insieme ore divertenti!<\/p>\n","protected":false},"featured_media":4058,"template":"","meta":{"footnotes":""},"product_brand":[],"product_cat":[248],"product_tag":[],"giftcard-category":[],"class_list":{"0":"post-3957","1":"product","2":"type-product","3":"status-publish","4":"has-post-thumbnail","6":"product_cat-wooden-little-toys-it","8":"first","9":"outofstock","10":"shipping-taxable","11":"purchasable","12":"product-type-simple"},"_links":{"self":[{"href":"https:\/\/cherieswood.com\/it\/wp-json\/wp\/v2\/product\/3957","targetHints":{"allow":["GET"]}}],"collection":[{"href":"https:\/\/cherieswood.com\/it\/wp-json\/wp\/v2\/product"}],"about":[{"href":"https:\/\/cherieswood.com\/it\/wp-json\/wp\/v2\/types\/product"}],"version-history":[{"count":0,"href":"https:\/\/cherieswood.com\/it\/wp-json\/wp\/v2\/product\/3957\/revisions"}],"wp:featuredmedia":[{"embeddable":true,"href":"https:\/\/cherieswood.com\/it\/wp-json\/wp\/v2\/media\/4058"}],"wp:attachment":[{"href":"https:\/\/cherieswood.com\/it\/wp-json\/wp\/v2\/media?parent=3957"}],"wp:term":[{"taxonomy":"product_brand","embeddable":true,"href":"https:\/\/cherieswood.com\/it\/wp-json\/wp\/v2\/product_brand?post=3957"},{"taxonomy":"product_cat","embeddable":true,"href":"https:\/\/cherieswood.com\/it\/wp-json\/wp\/v2\/product_cat?post=3957"},{"taxonomy":"product_tag","embeddable":true,"href":"https:\/\/cherieswood.com\/it\/wp-json\/wp\/v2\/product_tag?post=3957"},{"taxonomy":"giftcard-category","embeddable":true,"href":"https:\/\/cherieswood.com\/it\/wp-json\/wp\/v2\/giftcard-category?post=3957"}],"curies":[{"name":"wp","href":"https:\/\/api.w.org\/{rel}","templated":true}]}}