{"id":2521,"date":"2021-10-07T17:14:40","date_gmt":"2021-10-07T15:14:40","guid":{"rendered":"https:\/\/cherieswood.com\/privacy-cookie-policy\/"},"modified":"2021-12-23T12:40:06","modified_gmt":"2021-12-23T11:40:06","slug":"privacy-cookie-policy","status":"publish","type":"page","link":"https:\/\/cherieswood.com\/it\/privacy-cookie-policy\/","title":{"rendered":"Privacy &#038; Cookie Policy"},"content":{"rendered":"[vc_row type=&#8221;full_width_background&#8221; full_screen_row_position=&#8221;middle&#8221; column_margin=&#8221;default&#8221; column_direction=&#8221;default&#8221; column_direction_tablet=&#8221;default&#8221; column_direction_phone=&#8221;default&#8221; bg_color=&#8221;#f5edda&#8221; scene_position=&#8221;center&#8221; top_padding=&#8221;8%&#8221; bottom_padding=&#8221;8%&#8221; text_color=&#8221;dark&#8221; text_align=&#8221;left&#8221; row_border_radius=&#8221;none&#8221; row_border_radius_applies=&#8221;bg&#8221; zindex=&#8221;100&#8243; overlay_strength=&#8221;0.3&#8243; gradient_direction=&#8221;left_to_right&#8221; shape_divider_position=&#8221;bottom&#8221; bg_image_animation=&#8221;none&#8221; shape_type=&#8221;&#8221;][vc_column column_padding=&#8221;no-extra-padding&#8221; column_padding_tablet=&#8221;inherit&#8221; column_padding_phone=&#8221;inherit&#8221; column_padding_position=&#8221;all&#8221; column_element_spacing=&#8221;default&#8221; background_color_opacity=&#8221;1&#8243; background_hover_color_opacity=&#8221;1&#8243; column_shadow=&#8221;none&#8221; column_border_radius=&#8221;none&#8221; column_link_target=&#8221;_self&#8221; gradient_direction=&#8221;left_to_right&#8221; overlay_strength=&#8221;0.3&#8243; width=&#8221;1\/1&#8243; tablet_width_inherit=&#8221;default&#8221; tablet_text_alignment=&#8221;default&#8221; phone_text_alignment=&#8221;default&#8221; bg_image_animation=&#8221;none&#8221; border_type=&#8221;simple&#8221; column_border_width=&#8221;none&#8221; column_border_style=&#8221;solid&#8221;][vc_row_inner column_margin=&#8221;default&#8221; column_direction=&#8221;default&#8221; column_direction_tablet=&#8221;default&#8221; column_direction_phone=&#8221;default&#8221; bottom_padding=&#8221;4%&#8221; bottom_padding_phone=&#8221;0px&#8221; text_align=&#8221;left&#8221;][vc_column_inner column_padding=&#8221;no-extra-padding&#8221; column_padding_tablet=&#8221;inherit&#8221; column_padding_phone=&#8221;inherit&#8221; column_padding_position=&#8221;all&#8221; column_element_spacing=&#8221;default&#8221; centered_text=&#8221;true&#8221; background_color_opacity=&#8221;1&#8243; background_hover_color_opacity=&#8221;1&#8243; font_color=&#8221;#ffffff&#8221; column_shadow=&#8221;none&#8221; column_border_radius=&#8221;none&#8221; column_link_target=&#8221;_self&#8221; gradient_direction=&#8221;left_to_right&#8221; overlay_strength=&#8221;0.3&#8243; width=&#8221;1\/1&#8243; tablet_width_inherit=&#8221;default&#8221; bg_image_animation=&#8221;none&#8221; border_type=&#8221;simple&#8221; column_border_width=&#8221;none&#8221; column_border_style=&#8221;solid&#8221;][split_line_heading animation_type=&#8221;twist-in&#8221; font_style=&#8221;h1&#8243; text_color=&#8221;#471a1b&#8221; content_alignment=&#8221;default&#8221; mobile_content_alignment=&#8221;inherit&#8221; text_content=&#8221;privacy &amp; cookie policy&#8221; font_size=&#8221;5vw&#8221;][\/split_line_heading][\/vc_column_inner][\/vc_row_inner][vc_row_inner column_margin=&#8221;default&#8221; column_direction=&#8221;default&#8221; column_direction_tablet=&#8221;default&#8221; column_direction_phone=&#8221;default&#8221; text_align=&#8221;left&#8221; class=&#8221;bordo&#8221;][vc_column_inner column_padding=&#8221;padding-6-percent&#8221; column_padding_tablet=&#8221;inherit&#8221; column_padding_phone=&#8221;inherit&#8221; column_padding_position=&#8221;all&#8221; column_element_spacing=&#8221;default&#8221; background_color_opacity=&#8221;1&#8243; background_hover_color_opacity=&#8221;1&#8243; column_shadow=&#8221;none&#8221; column_border_radius=&#8221;none&#8221; column_link_target=&#8221;_self&#8221; gradient_direction=&#8221;left_to_right&#8221; overlay_strength=&#8221;0.3&#8243; width=&#8221;1\/1&#8243; tablet_width_inherit=&#8221;default&#8221; bg_image_animation=&#8221;none&#8221; enable_animation=&#8221;true&#8221; animation=&#8221;fade-in-from-bottom&#8221; border_type=&#8221;simple&#8221; column_border_width=&#8221;none&#8221; column_border_style=&#8221;solid&#8221;][vc_custom_heading text=&#8221;NFORMATIVA SUL TRATTAMENTO DEI DATI PERSONALI Questa informativa \u00e8 resa ai sensi del D.lgs. 196\/2003 \u2013 (Codice Privacy) \u2013 e del Regolamento UE 679\/2016 (GDPR) e si applica esclusivamente ai dati raccolti attraverso il sito www.chrieswood.com&#8221; font_container=&#8221;tag:h4|text_align:left|color:%23e71d26&#8243; use_theme_fonts=&#8221;yes&#8221;][divider line_type=&#8221;No Line&#8221; custom_height=&#8221;30&#8243;][vc_custom_heading text=&#8221;Titolare del trattamento&#8221; font_container=&#8221;tag:h3|text_align:left|color:%23e71d26&#8243; use_theme_fonts=&#8221;yes&#8221;][vc_column_text]Elisa Cerri, Via Martiri della Resistenza 25 29122 Piacenza (PC)\u2028 E-mail: info@cherieswood.com<br \/>\n[\/vc_column_text][divider line_type=&#8221;No Line&#8221; custom_height=&#8221;30&#8243;][vc_custom_heading text=&#8221;Finalit\u00e0 del trattamento&#8221; font_container=&#8221;tag:h2|text_align:left|color:%23e71d26&#8243; use_theme_fonts=&#8221;yes&#8221;][vc_column_text]Se effettui un ordine e fornisci i tuoi dati di fatturazione e spedizione, se mi scrivi attraverso i form di contatto del sito, se mi invii una mail all\u2019indirizzo m<br \/>\ninfo@cherieswood.com, utilizzer\u00f2 i dati che tu hai inserito con la finalit\u00e0 di risponderti e\/o di evadere l\u2019ordine.<br \/>\nUtilizzo la newsletter per restare in contatto con le persone che decidono di iscriversi. A volte invio promozioni, buoni sconto o lanci di nuovi prodotti.<br \/>\nSe acquisti un mio prodotto utilizzo i dati che inserisci per contattarti ed emettere la fattura.<br \/>\n[\/vc_column_text][divider line_type=&#8221;No Line&#8221; custom_height=&#8221;30&#8243;][vc_custom_heading text=&#8221;Tipologie di dati raccolti&#8221; font_container=&#8221;tag:h2|text_align:left|color:%23e71d26&#8243; use_theme_fonts=&#8221;yes&#8221;][vc_column_text]\n<h4>Dati forniti volontariamente dall\u2019utente<\/h4>\n<p>I dati che raccolgo, in prima persona, su questo sito sono: nome, cognome, indirizzo email, indirizzo di fatturazione, codice fiscale, partita iva, codice destinatario o pec. Questi dati vengono volontariamente forniti da chi mi contatta, a chi acquista un prodotto e da chi si iscrive alla mia newsletter.<\/p>\n<h4>Dati di navigazione<\/h4>\n<p>I sistemi informatici e i software che fanno funzionare questo sito acquisiscono, nel corso del loro normale funzionamento, alcuni dati personali la cui trasmissione \u00e8 implicita nell\u2019uso dei protocolli di comunicazione di Internet.<br \/>\nQuesti dati non sono raccolti per essere associati ad interessati identificati, ma per loro natura potrebbero permettere di identificare gli utenti, attraverso elaborazioni ed associazioni con dati detenuti da terzi.<br \/>\nIn questa categoria di dati rientrano gli indirizzi IP o i nomi a dominio dei computer utilizzati dagli utenti che si connettono al sito, i browser e i parametri del sistema informatico utilizzato per connettersi al sito, i dati di navigazione, compreso orario della richiesta e risposta ottenuta dal server.<br \/>\nQuesti dati sono utilizzati al solo fine di ricavare informazioni statistiche anonime sull\u2019uso del mio sito, per il miglioramento del servizio e per controllarne il corretto funzionamento.[\/vc_column_text][divider line_type=&#8221;No Line&#8221; custom_height=&#8221;30&#8243;][vc_custom_heading text=&#8221;Cookies&#8221; font_container=&#8221;tag:h2|text_align:left|color:%23e71d26&#8243; use_theme_fonts=&#8221;yes&#8221;][vc_column_text]<script id=\"CookieDeclaration\" src=\"https:\/\/consent.cookiebot.com\/67cbc571-0495-4941-af22-00eb4b6de379\/cd.js\" type=\"text\/javascript\" async><\/script>[\/vc_column_text][vc_custom_heading text=&#8221;Log di sistema e manutenzione&#8221; font_container=&#8221;tag:h2|text_align:left|color:%23e71d26&#8243; use_theme_fonts=&#8221;yes&#8221;][vc_column_text]Per necessit\u00e0 legate al funzionamento ed alla manutenzione, il mio sito e gli eventuali servizi terzi che utilizzo potrebbero raccogliere Log di sistema, ossia file che registrano le interazioni e che possono contenere anche dati personali come l\u2019indirizzo IP degli utenti.<\/p>\n<p><strong>Modalit\u00e0 di trattamento<\/strong><\/p>\n<p>I dati raccolti sono trattati con strumenti informatici. Idonee misure di sicurezza sono osservate per prevenire la perdita dei dati, usi illeciti o non corretti ed accessi non autorizzati.<\/p>\n<p><strong>Base giuridica del trattamento<\/strong><\/p>\n<p>Io tratto i tuoi dati personali solo nel caso in cui:<\/p>\n<p>hai prestato il consenso per una o pi\u00f9 finalit\u00e0 specifiche (es. ricevere la mia newsletter, effettuare un ordine, ecc\u2026)<br \/>\nil trattamento \u00e8 necessario all\u2019esecuzione di un contratto o all\u2019esecuzione di misure precontrattuali<br \/>\nPuoi, in qualsiasi momento, chiedermi su quale base giuridica ho trattato i tuoi dati.[\/vc_column_text][divider line_type=&#8221;No Line&#8221; custom_height=&#8221;30&#8243;][vc_custom_heading text=&#8221;Luogo di trattamento dei dati&#8221; font_container=&#8221;tag:h2|text_align:left|color:%23e71d26&#8243; use_theme_fonts=&#8221;yes&#8221;][vc_column_text]I dati vengono trattati principalmente presso la mia sede legale in Via Martiri della Resistenza 25 29122 Piacenza (PC) oppure presso i luoghi in cui mi trover\u00f2 nel momento in cui accedo al sito.[\/vc_column_text][divider line_type=&#8221;No Line&#8221; custom_height=&#8221;30&#8243;][vc_custom_heading text=&#8221;Periodo di conservazione dei dati&#8221; font_container=&#8221;tag:h2|text_align:left|color:%23e71d26&#8243; use_theme_fonts=&#8221;yes&#8221;][vc_column_text]Tratto e conservo i dati personali per il tempo richiesto dalle finalit\u00e0 per le quali li ho raccolti.<br \/>\nSe ho ottenuto il tuo consenso al trattamento dei dati, posso conservare i dati fino a quando revocherai il consenso.<br \/>\nPotrei anche essere obbligata a conservare i dati personali per un periodo pi\u00f9 lungo in ottemperanza ad un obbligo di legge o per ordine di un\u2019autorit\u00e0.<\/p>\n<p>Al termine del periodo di conservazioni canceller\u00f2 i dati raccolti e il diritto di accesso, cancellazione, rettificazione e il diritto alla portabilit\u00e0 non potranno pi\u00f9 essere esercitati.[\/vc_column_text][divider line_type=&#8221;No Line&#8221; custom_height=&#8221;30&#8243;][vc_custom_heading text=&#8221;Dettagli sul trattamento dei dati personali&#8221; font_container=&#8221;tag:h2|text_align:left|color:%23e71d26&#8243; use_theme_fonts=&#8221;yes&#8221;][vc_column_text]<strong>Modulo di contatto<\/strong><br \/>\nSe mi scrivi attraverso un modulo di contatto, io uso i tuoi dati per rispondere via mail alla tua richiesta di informazioni. Per potermi scrivere tramite modulo di contatto devi accettare questa Informativa sul trattamento dei dati personali. Senza questo consenso non potr\u00e0 essere inviato nessun messaggio dai moduli di contatto. I tuoi dati restano memorizzati nel mio archivio di posta elettronica e nei miei backup.<br \/>\nDati personali raccolti nel form: nome, cognome, numero di telefono ed email.<br \/>\n<strong>Newsletter<\/strong><br \/>\nSe ti iscrivi alla mia newsletter, attraverso i form presenti sul mio sito, i popup o attraverso landing page esterne ad esso, il tuo nome e il tuo indirizzo email vengono automaticamente inseriti in una lista di contatti a cui invio le mie newsletter, che possono contenere anche informazioni commerciali e promozionali.<br \/>\nPer iscriverti alla mia newsletter devi avere compiuto 16 anni.<br \/>\nIl servizio di mailing list che utilizzo \u00e8 MailelChimp che ha sede in Georgia, negli Stati Uniti D\u2019America. I dati dell\u2019utente vengono memorizzati sui loro server. <a href=\"https:\/\/mailchimp.com\/legal\/privacy\/\" target=\"_blank\" rel=\"noopener\">Qui maggiori informazioni<\/a>. I tuoi dati vengono memorizzati sui loro server.<br \/>\nMailchimp, come tutte le piattaforme di newsletter, mi fornisce informazioni su chi apre le newsletter e clicca sui link.<br \/>\nPuoi scegliere di non ricevere pi\u00f9 la mia newsletter in qualunque momento, devi solo cliccare sul link che trovi in fondo ad ogni mail. Continuer\u00f2 a inviarti le mie newsletter fino a quando non ti cancellerai.<br \/>\nSe desideri rimuoverli definitivamente scrivimi una mail e lo far\u00f2 io manualmente.<br \/>\nMaillchimp tratta i dati personali nel rispetto del Regolamento UE 2016\/679 (GDPR). <a href=\"https:\/\/mailchimp.com\/legal\/privacy\/\" target=\"_blank\" rel=\"noopener\">Qui puoi leggere la Privacy policy di Mailchimp.<\/a><br \/>\nSe non mi dai il tuo consenso alla comunicazione e trasferimento dei dati non potrai iscriverti alla mia newsletter.<br \/>\nDati personali raccolti: nome ed email.<\/p>\n<p>Dal momento che diventi mio cliente potrei salvare informazioni che ti riguardano nella mia casella di posta elettronica o su iCloud.<br \/>\nDati personali raccolti: nome ed email.[\/vc_column_text][divider line_type=&#8221;No Line&#8221; custom_height=&#8221;30&#8243;][vc_custom_heading text=&#8221;Google Analytics&#8221; font_container=&#8221;tag:h2|text_align:left|color:%23e71d26&#8243; use_theme_fonts=&#8221;yes&#8221;][vc_column_text]Per conoscere le statistiche relative al traffico sul mio sito uso Google Analytics; ho impostato Google Analytics in modo che il tuo indirizzo IP venga anonimizzato.<br \/>\nLe informazioni generate dal cookie di Google Analytics sull\u2019utilizzo del sito web da parte tua (compresa la prima parte del tuo indirizzo IP) vengono quindi trasmesse a Google e depositate presso i suoi server negli Stati Uniti. Google usa queste informazioni per tracciare e esaminare l\u2019uso del sito da parte dei visitatori, e fornire questi dati, in forma aggregata e mai collegati alla tua identit\u00e0, attraverso i report di Analytics e i suoi altri servizi informativi.<br \/>\nGoogle potrebbe trasferire queste informazioni a terzi nel caso in cui questo sia imposto dalla legge o nel caso in cui si tratti di soggetti che trattano queste informazioni per suo conto; per maggiori informazioni consulta l\u2019informativa su privacy e uso dei dati di Google Analytics.<br \/>\nSe non vuoi essere tracciato, neanche in forma anonima, da Google Analytics, puoi negare il consenso dalla cookie bar del mio sito.[\/vc_column_text][divider line_type=&#8221;No Line&#8221; custom_height=&#8221;30&#8243;][vc_custom_heading text=&#8221;Facebook Pixel&#8221; font_container=&#8221;tag:h2|text_align:left|color:%23e71d26&#8243; use_theme_fonts=&#8221;yes&#8221;][vc_column_text]Su questo sito ho installato il pixel di Facebook. Lo uso principalmente per tracciare i risultati delle campagne pubblicitarie che attivo su Facebook. Posso usarlo anche per mostrare a chi visita il mio sito o una pagina specifica di esso una pubblicit\u00e0 mirata su Facebook. Tutto avviene attraverso i cookie e i tuoi dati di navigazione non vengono collegati alla tua identit\u00e0 e ai tuoi dati personali. Questo significa che Facebook mi mostra solo i dati in forma anonima. Io non cosa hai fatto tu e non conosco il tuo nome, cognome, indirizzo email, profilo Facebook. Conosco solo quante persone hanno fatto qualcosa in un certo periodo di tempo.<br \/>\nSe non vuoi in alcun modo essere tracciato dal Facebook Pixel, puoi negare il consenso dalla cookie bar del mio sito.<br \/>\nChi accede a questi dati: all\u2019account dalla pagina Facebook Emme Lab e allo strumento per la gestione inserzioni ho accesso solo io.[\/vc_column_text][divider line_type=&#8221;No Line&#8221; custom_height=&#8221;30&#8243;][vc_custom_heading text=&#8221;Diritti degli interessati&#8221; font_container=&#8221;tag:h2|text_align:left|color:%23e71d26&#8243; use_theme_fonts=&#8221;yes&#8221;][vc_column_text]Ogni utente ha il diritto di:<\/p>\n<p>Revocare il consenso in ogni momento.<br \/>\nOpporsi al trattamento dei propri dati.<br \/>\nAccedere ai propri dati.<br \/>\nVerificare i propri dati e chiedere l\u2019aggiornamento o la correzione.<br \/>\nOttenere la limitazione del trattamento.<br \/>\nOttenere la cancellazione o rimozione dei propri dati.<br \/>\nChiedere la portabilit\u00e0 dei propri dati.<br \/>\nPresentare reclamo all\u2019Autorit\u00e0 di controllo.<br \/>\nI soggetti cui si riferiscono i dati personali hanno il diritto in qualunque momento di ottenere la conferma dell\u2019esistenza o meno dei medesimi dati e di conoscerne il contenuto e l\u2019origine, verificarne l\u2019esattezza o chiederne l\u2019integrazione o l\u2019aggiornamento, oppure la rettificazione (articolo 7 del Codice in materia di protezione dei dati personali). Ai sensi del medesimo articolo si ha il diritto di chiedere la cancellazione, la trasformazione in forma anonima o il blocco dei dati trattati in violazione di legge, nonch\u00e9 di opporsi in ogni caso, per motivi legittimi, al loro trattamento. Le richieste vanno rivolte all\u2019indirizzo: info@cherieswood.com[\/vc_column_text][divider line_type=&#8221;No Line&#8221; custom_height=&#8221;30&#8243;][vc_custom_heading text=&#8221;Come esercitare i diritti&#8221; font_container=&#8221;tag:h2|text_align:left|color:%23e71d26&#8243; use_theme_fonts=&#8221;yes&#8221;][vc_column_text]Per esercitare i tuoi diritti puoi contattarmi a infocherieswood.com. Riceverai una mia risposta entro 30 giorni.<\/p>\n<p><strong>Informazioni non contenute in questa informativa<\/strong><br \/>\nPuoi richiedere, in qualunque momento, ulteriori informazioni in relazione al trattamento dei dati personali contattandomi via mail.[\/vc_column_text][divider line_type=&#8221;No Line&#8221; custom_height=&#8221;30&#8243;][vc_custom_heading text=&#8221;Modifiche a questa privacy policy&#8221; font_container=&#8221;tag:h2|text_align:left|color:%23e71d26&#8243; use_theme_fonts=&#8221;yes&#8221;][vc_column_text]Mi riservo il diritto di apportare modifiche alla presente Informativa sul trattamento dei dati personali in qualunque momento. Puoi consultare regolarmente questa pagina, facendo riferimento alla data di ultima modifica indicata qui sotto.<\/p>\n<p>Data di ultima modifica: 5 October 2021<br \/>\n[\/vc_column_text][\/vc_column_inner][\/vc_row_inner][\/vc_column][\/vc_row]\n","protected":false},"excerpt":{"rendered":"<p>[vc_row type=&#8221;full_width_background&#8221; full_screen_row_position=&#8221;middle&#8221; column_margin=&#8221;default&#8221; column_direction=&#8221;default&#8221; column_direction_tablet=&#8221;default&#8221; column_direction_phone=&#8221;default&#8221; bg_color=&#8221;#f5edda&#8221; scene_position=&#8221;center&#8221; top_padding=&#8221;8%&#8221; bottom_padding=&#8221;8%&#8221; text_color=&#8221;dark&#8221; text_align=&#8221;left&#8221; row_border_radius=&#8221;none&#8221; row_border_radius_applies=&#8221;bg&#8221; zindex=&#8221;100&#8243; overlay_strength=&#8221;0.3&#8243; gradient_direction=&#8221;left_to_right&#8221; shape_divider_position=&#8221;bottom&#8221; bg_image_animation=&#8221;none&#8221; shape_type=&#8221;&#8221;][vc_column column_padding=&#8221;no-extra-padding&#8221; column_padding_tablet=&#8221;inherit&#8221; column_padding_phone=&#8221;inherit&#8221; column_padding_position=&#8221;all&#8221; column_element_spacing=&#8221;default&#8221; background_color_opacity=&#8221;1&#8243; background_hover_color_opacity=&#8221;1&#8243; column_shadow=&#8221;none&#8221; column_border_radius=&#8221;none&#8221; column_link_target=&#8221;_self&#8221; gradient_direction=&#8221;left_to_right&#8221; overlay_strength=&#8221;0.3&#8243; width=&#8221;1\/1&#8243; tablet_width_inherit=&#8221;default&#8221; tablet_text_alignment=&#8221;default&#8221; phone_text_alignment=&#8221;default&#8221; bg_image_animation=&#8221;none&#8221; border_type=&#8221;simple&#8221; column_border_width=&#8221;none&#8221;&#8230;<\/p>\n","protected":false},"author":1,"featured_media":0,"parent":0,"menu_order":0,"comment_status":"closed","ping_status":"closed","template":"","meta":{"footnotes":""},"class_list":["post-2521","page","type-page","status-publish"],"_links":{"self":[{"href":"https:\/\/cherieswood.com\/it\/wp-json\/wp\/v2\/pages\/2521","targetHints":{"allow":["GET"]}}],"collection":[{"href":"https:\/\/cherieswood.com\/it\/wp-json\/wp\/v2\/pages"}],"about":[{"href":"https:\/\/cherieswood.com\/it\/wp-json\/wp\/v2\/types\/page"}],"author":[{"embeddable":true,"href":"https:\/\/cherieswood.com\/it\/wp-json\/wp\/v2\/users\/1"}],"replies":[{"embeddable":true,"href":"https:\/\/cherieswood.com\/it\/wp-json\/wp\/v2\/comments?post=2521"}],"version-history":[{"count":0,"href":"https:\/\/cherieswood.com\/it\/wp-json\/wp\/v2\/pages\/2521\/revisions"}],"wp:attachment":[{"href":"https:\/\/cherieswood.com\/it\/wp-json\/wp\/v2\/media?parent=2521"}],"curies":[{"name":"wp","href":"https:\/\/api.w.org\/{rel}","templated":true}]}}